{"id":502,"date":"2022-12-04T22:53:54","date_gmt":"2022-12-04T22:53:54","guid":{"rendered":"http:\/\/didine-linventeur.com\/?page_id=502"},"modified":"2026-04-13T18:48:29","modified_gmt":"2026-04-13T16:48:29","slug":"contact","status":"publish","type":"page","link":"https:\/\/didinjos.com\/index.php\/contact\/","title":{"rendered":"CONTACT"},"content":{"rendered":"\n<p class=\"has-text-align-center has-vivid-red-color has-text-color has-link-color has-x-large-font-size wp-elements-4c2866645876ebf92bd881eb84f9fb38\"><strong>L&rsquo;innovation est ma devise, j&rsquo;imagine le futur et je le con\u00e7ois pour vous<\/strong><\/p>\n\n\n<div class=\"wp-block-image\">\n<figure class=\"aligncenter size-full is-resized\"><img fetchpriority=\"high\" decoding=\"async\" width=\"691\" height=\"510\" src=\"https:\/\/didinjos.com\/wp-content\/uploads\/2026\/04\/5-copie.jpg\" alt=\"\" class=\"wp-image-8872\" style=\"width:568px;height:auto\" srcset=\"https:\/\/didinjos.com\/wp-content\/uploads\/2026\/04\/5-copie.jpg 691w, https:\/\/didinjos.com\/wp-content\/uploads\/2026\/04\/5-copie-300x221.jpg 300w\" sizes=\"(max-width: 691px) 100vw, 691px\" \/><\/figure>\n<\/div>\n\n\n<h2 class=\"wp-block-heading has-text-align-center has-vivid-red-color has-text-color has-link-color has-large-font-size wp-elements-55208392d1cc037d560138c587071b32\"><\/h2>\n\n\n\n<p class=\"has-luminous-vivid-amber-background-color has-background\"><\/p>\n\n\n\n<div class=\"wp-block-columns is-layout-flex wp-container-core-columns-is-layout-9d6595d7 wp-block-columns-is-layout-flex\">\n<div class=\"wp-block-column is-layout-flow wp-block-column-is-layout-flow\">\n<p class=\"has-text-align-center\"><a href=\"https:\/\/didinjos.com\/wp-admin\/post.php?post=8817&amp;action=edit\">Mentions l\u00e9gales<\/a><\/p>\n<\/div>\n\n\n\n<div class=\"wp-block-column is-layout-flow wp-block-column-is-layout-flow\">\n<p><a href=\"https:\/\/didinjos.com\/index.php\/conditions-generales-de-vente\/\">Conditions g\u00e9n\u00e9rales de ventes<\/a><\/p>\n<\/div>\n\n\n\n<div class=\"wp-block-column is-layout-flow wp-block-column-is-layout-flow\">\n<p> <a href=\"https:\/\/didinjos.com\/index.php\/politique-de-confidentialite-2\/\">Politique de confidentialit\u00e9<\/a><\/p>\n<\/div>\n<\/div>\n\n\n\n<p><\/p>\n","protected":false},"excerpt":{"rendered":"<p>L&rsquo;innovation est ma devise, j&rsquo;imagine le futur et je le con\u00e7ois pour vous Mentions l\u00e9gales Conditions g\u00e9n\u00e9rales de ventes Politique de confidentialit\u00e9<\/p>\n","protected":false},"author":1,"featured_media":0,"parent":0,"menu_order":0,"comment_status":"closed","ping_status":"closed","template":"","meta":{"footnotes":""},"class_list":["post-502","page","type-page","status-publish","hentry"],"_links":{"self":[{"href":"https:\/\/didinjos.com\/index.php\/wp-json\/wp\/v2\/pages\/502","targetHints":{"allow":["GET"]}}],"collection":[{"href":"https:\/\/didinjos.com\/index.php\/wp-json\/wp\/v2\/pages"}],"about":[{"href":"https:\/\/didinjos.com\/index.php\/wp-json\/wp\/v2\/types\/page"}],"author":[{"embeddable":true,"href":"https:\/\/didinjos.com\/index.php\/wp-json\/wp\/v2\/users\/1"}],"replies":[{"embeddable":true,"href":"https:\/\/didinjos.com\/index.php\/wp-json\/wp\/v2\/comments?post=502"}],"version-history":[{"count":23,"href":"https:\/\/didinjos.com\/index.php\/wp-json\/wp\/v2\/pages\/502\/revisions"}],"predecessor-version":[{"id":8873,"href":"https:\/\/didinjos.com\/index.php\/wp-json\/wp\/v2\/pages\/502\/revisions\/8873"}],"wp:attachment":[{"href":"https:\/\/didinjos.com\/index.php\/wp-json\/wp\/v2\/media?parent=502"}],"curies":[{"name":"wp","href":"https:\/\/api.w.org\/{rel}","templated":true}]}}