{"id":5464,"date":"2025-05-17T18:30:42","date_gmt":"2025-05-17T16:30:42","guid":{"rendered":"https:\/\/didinjos.com\/?page_id=5464"},"modified":"2025-05-17T18:30:42","modified_gmt":"2025-05-17T16:30:42","slug":"reservation-voiture","status":"publish","type":"page","link":"https:\/\/didinjos.com\/index.php\/reservation-voiture\/","title":{"rendered":"r\u00e9servation voiture"},"content":{"rendered":"\n<h2 class=\"wp-block-heading has-text-align-center has-white-color has-vivid-red-background-color has-text-color has-background has-link-color has-medium-font-size wp-elements-c19016afbd518526690fd8485c38a1b2\">Comment r\u00e9server votre voiturette \u00e0 1\u20ac en quatre \u00e9tapes ?<\/h2>\n\n\n\n<div style=\"height:11px\" aria-hidden=\"true\" class=\"wp-block-spacer\"><\/div>\n\n\n\n<h2 class=\"wp-block-heading has-vivid-red-color has-text-color has-link-color wp-elements-168935222fac264c0757943e59247fa7\">\u00c9tape 1&nbsp;: D\u00e9posez au moins une annonce sur notre site gratuitement<\/h2>\n\n\n\n<ul class=\"wp-block-list\">\n<li><strong>Notre objectif principal est de cr\u00e9er du trafic pour pouvoir vendre le maximum de banni\u00e8res publicitaires qui serviront \u00e0 financer votre voiture \u00e0 1\u20ac<\/strong>. Alors n&rsquo;h\u00e9sitez pas \u00e0 d\u00e9poser <strong>GRATUITEMENT<\/strong> des annonces, vous avez forc\u00e9ment des v\u00eatements qui trainent dans votre armoire et que vous ne voulez plus les porter, ou vous avez de vieux produits qui vous encombrent (un vieux ordinateur, tv, micro-ondes, smartphone, chaise ou une table, etc) ou tout simplement vous voulez vendre des produits neufs.<\/li>\n<\/ul>\n\n\n\n<ul class=\"wp-block-list\">\n<li>Vous pouvez \u00e9galement d\u00e9poser une annonce de recherche de logement, d&#8217;emploi, de stage, d\u2019un prestataire ou d\u2019un client (cours de math, plombier, travailleur en freelance, etc).<\/li>\n<\/ul>\n\n\n\n<div style=\"height:15px\" aria-hidden=\"true\" class=\"wp-block-spacer\"><\/div>\n\n\n\n<h2 class=\"wp-block-heading has-vivid-red-color has-text-color has-link-color wp-elements-c8c533e858fb737b6b2a27c8afea9a84\">\u00c9tape 2 : Nous consacrer 3 minutes par jour de votre temps<\/h2>\n\n\n\n<p>Tous les jours, vous devez vous connecter \u00e0 notre application pour visualiser 18 banni\u00e8res publicitaires qui vous prendront moins de <strong>3 minutes<\/strong> (vous pouvez \u00e0 titre d&rsquo;exemple visualiser 6 banni\u00e8res au petit d\u00e9jeuner, 6 au d\u00e9jeuner, et 6 au d\u00eener).<\/p>\n\n\n\n<div style=\"height:18px\" aria-hidden=\"true\" class=\"wp-block-spacer\"><\/div>\n\n\n\n<h2 class=\"wp-block-heading has-vivid-red-color has-text-color has-link-color wp-elements-0d700bb15e8d9a59d49e562d8e3f9d01\">\u00c9tape 3&nbsp;: Nous faire un virement d&rsquo;1\u20ac pour confirmer la r\u00e9servation<\/h2>\n\n\n\n<div style=\"height:22px\" aria-hidden=\"true\" class=\"wp-block-spacer\"><\/div>\n\n\n<div class=\"wp-block-image\">\n<figure class=\"aligncenter size-full is-resized\"><a href=\"https:\/\/www.paypal.com\/donate\/?hosted_button_id=BFK7XQGW3JAVY\"><img fetchpriority=\"high\" decoding=\"async\" width=\"508\" height=\"177\" src=\"http:\/\/didinjos.com\/wp-content\/uploads\/2025\/03\/paypal-acheter.png\" alt=\"\" class=\"wp-image-4949\" style=\"width:293px;height:auto\" srcset=\"https:\/\/didinjos.com\/wp-content\/uploads\/2025\/03\/paypal-acheter.png 508w, https:\/\/didinjos.com\/wp-content\/uploads\/2025\/03\/paypal-acheter-300x105.png 300w\" sizes=\"(max-width: 508px) 100vw, 508px\" \/><\/a><\/figure>\n<\/div>\n\n\n<p><\/p>\n\n\n\n<p><\/p>\n\n\n\n<p class=\"has-text-align-center\">Si vous tombez sur une page en anglais apr\u00e8s avoir cliquer sur PayPal, alors sachez que vous pouvez la traduire en Fran\u00e7ais en appuyant sur le bouton \u00ab\u00a0fran\u00e7ais\u00a0\u00bb en bas de la page PayPal. <\/p>\n\n\n\n<div style=\"height:6px\" aria-hidden=\"true\" class=\"wp-block-spacer\"><\/div>\n\n\n\n<h2 class=\"wp-block-heading has-vivid-red-color has-text-color has-link-color wp-elements-841115f9bff6ecf03efd2671c9ca790b\">\u00c9tape n \u00b0 4 : verser le d\u00e9p\u00f4t de garantie<\/h2>\n\n\n\n<p><\/p>\n\n\n\n<ul class=\"wp-block-list\">\n<li>Deux mois avant la livraison de votre voiturette, vous serez pr\u00e9venus par e-mail. Si vous n&rsquo;avez pas changer d&rsquo;avis, alors vous devez nous verser un d\u00e9p\u00f4t de garantie de 5900\u20ac. Apr\u00e8s la r\u00e9ception du ch\u00e8que, nous vous exp\u00e9dierons le v\u00e9hicule.<\/li>\n<\/ul>\n\n\n\n<div style=\"height:17px\" aria-hidden=\"true\" class=\"wp-block-spacer\"><\/div>\n\n\n\n<p class=\"has-vivid-red-color has-text-color has-link-color wp-elements-d3b40ed97576328ee9f62ba9339be69e\"><strong>Remarques:<\/strong><\/p>\n\n\n\n<ul class=\"wp-block-list\">\n<li>Apr\u00e8s le 24<sup>\u00e8me<\/sup> mois, vous devez soit nous restituer la voiturette pour r\u00e9cup\u00e9rer l&rsquo;int\u00e9gralit\u00e9 de votre d\u00e9p\u00f4t de garantie, ou acheter le v\u00e9hicule \u00e0 5900\u20ac. Dans ce cas, nous garderons votre d\u00e9p\u00f4t de garantie et vous garderez notre voiturette.<\/li>\n<\/ul>\n\n\n\n<div style=\"height:26px\" aria-hidden=\"true\" class=\"wp-block-spacer\"><\/div>\n\n\n\n<h2 class=\"wp-block-heading has-text-align-center has-white-color has-vivid-red-background-color has-text-color has-background has-link-color wp-elements-640d8a5556f942b3be2748a35aab8ea1\"><strong>Co\u00fbt de la livraison<\/strong><\/h2>\n\n\n\n<ul class=\"wp-block-list\">\n<li>Retrait gratuit chez nos partenaires (boutique de scooter ou supermarch\u00e9).<\/li>\n\n\n\n<li>Livraison \u00e0 domicile dans toute la France hexagonale: 200\u20ac <\/li>\n<\/ul>\n\n\n\n<p class=\"has-vivid-red-color has-text-color has-link-color wp-elements-c9365267f914bd71ea50e5e539e3962b\"><\/p>\n\n\n\n<p><\/p>\n\n\n\n<div style=\"height:52px\" aria-hidden=\"true\" class=\"wp-block-spacer\"><\/div>\n","protected":false},"excerpt":{"rendered":"<p>Comment r\u00e9server votre voiturette \u00e0 1\u20ac en quatre \u00e9tapes ? \u00c9tape 1&nbsp;: D\u00e9posez au moins une annonce sur notre site gratuitement \u00c9tape<\/p>\n<p class=\"link-more\"><a class=\"myButt \" href=\"https:\/\/didinjos.com\/index.php\/reservation-voiture\/\">Read More<\/a><\/p>\n","protected":false},"author":1,"featured_media":0,"parent":0,"menu_order":0,"comment_status":"closed","ping_status":"closed","template":"","meta":{"footnotes":""},"class_list":["post-5464","page","type-page","status-publish","hentry"],"_links":{"self":[{"href":"https:\/\/didinjos.com\/index.php\/wp-json\/wp\/v2\/pages\/5464","targetHints":{"allow":["GET"]}}],"collection":[{"href":"https:\/\/didinjos.com\/index.php\/wp-json\/wp\/v2\/pages"}],"about":[{"href":"https:\/\/didinjos.com\/index.php\/wp-json\/wp\/v2\/types\/page"}],"author":[{"embeddable":true,"href":"https:\/\/didinjos.com\/index.php\/wp-json\/wp\/v2\/users\/1"}],"replies":[{"embeddable":true,"href":"https:\/\/didinjos.com\/index.php\/wp-json\/wp\/v2\/comments?post=5464"}],"version-history":[{"count":1,"href":"https:\/\/didinjos.com\/index.php\/wp-json\/wp\/v2\/pages\/5464\/revisions"}],"predecessor-version":[{"id":5466,"href":"https:\/\/didinjos.com\/index.php\/wp-json\/wp\/v2\/pages\/5464\/revisions\/5466"}],"wp:attachment":[{"href":"https:\/\/didinjos.com\/index.php\/wp-json\/wp\/v2\/media?parent=5464"}],"curies":[{"name":"wp","href":"https:\/\/api.w.org\/{rel}","templated":true}]}}