{"id":6699,"date":"2025-10-09T20:47:07","date_gmt":"2025-10-09T18:47:07","guid":{"rendered":"https:\/\/didinjos.com\/?page_id=6699"},"modified":"2026-04-04T15:15:34","modified_gmt":"2026-04-04T13:15:34","slug":"ma-subvention-mensuelle-de-20e","status":"publish","type":"page","link":"https:\/\/didinjos.com\/index.php\/ma-subvention-mensuelle-de-20e\/","title":{"rendered":"Augmentation des salaires de 100 \u00e0 200\u20ac"},"content":{"rendered":"\n<p class=\"has-medium-font-size\">Face \u00e0 une baisse du pouvoir d\u2019achat qui touche d\u00e9sormais une majorit\u00e9 de m\u00e9nages, et \u00e0 la hausse continue des prix de l\u2019alimentation, de l\u2019\u00e9nergie et du logement, les familles fran\u00e7aises voient leur budget se r\u00e9duire mois apr\u00e8s mois. Beaucoup doivent limiter leurs d\u00e9penses, renoncer \u00e0 certains besoins essentiels et sacrifier des moments de plaisir pourtant indispensables \u00e0 l\u2019\u00e9quilibre de la vie quotidienne.<\/p>\n\n\n\n<div style=\"height:24px\" aria-hidden=\"true\" class=\"wp-block-spacer\"><\/div>\n\n\n\n<div class=\"wp-block-columns is-layout-flex wp-container-core-columns-is-layout-9d6595d7 wp-block-columns-is-layout-flex\">\n<div class=\"wp-block-column is-layout-flow wp-block-column-is-layout-flow\" style=\"flex-basis:33.33%\">\n<figure class=\"wp-block-image size-full\"><img fetchpriority=\"high\" decoding=\"async\" width=\"284\" height=\"271\" src=\"https:\/\/didinjos.com\/wp-content\/uploads\/2026\/03\/didine-21.jpg\" alt=\"\" class=\"wp-image-8516\"\/><\/figure>\n<\/div>\n\n\n\n<div class=\"wp-block-column is-layout-flow wp-block-column-is-layout-flow\" style=\"flex-basis:66.66%\">\n<p class=\"has-medium-font-size\">Conscient de cette r\u00e9alit\u00e9, et parce que <strong>20 % des familles fran\u00e7aises n\u2019arrivent plus \u00e0 boucler leurs fins de mois<\/strong>, l\u2019inventeur <strong>Mazri Kheir<\/strong> a d\u00e9cid\u00e9 d\u2019agir. Il annonce aujourd\u2019hui une initiative in\u00e9dite, <strong>augmenter les salaires annuels de tous les Fran\u00e7ais de:<\/strong><\/p>\n\n\n\n<ul class=\"wp-block-list\">\n<li class=\"has-vivid-red-color has-text-color has-link-color has-medium-font-size wp-elements-4d8f5d96c66a5b6cc530c1cf0f048cf7\"><strong>200 \u20ac pour les salari\u00e9s en couple, <\/strong><\/li>\n\n\n\n<li class=\"has-vivid-red-color has-text-color has-link-color has-medium-font-size wp-elements-f87f642e0ef07762484a547b55124d7a\"><strong>100 \u20ac pour les salari\u00e9s c\u00e9libataires. <\/strong><\/li>\n<\/ul>\n\n\n\n<p class=\"has-medium-font-size\">Cette aide est accord\u00e9e \u00e0 l\u2019ensemble des salari\u00e9s fran\u00e7ais <strong>sous forme de ch\u00e8ques<\/strong>, sans condition de revenus. Elle doit \u00eatre utilis\u00e9e exclusivement pour le r\u00e8glement <strong>des factures d\u2019assurance (auto et habitation)<\/strong>, ainsi que pour les <strong>forfaits mobile et fibre optique.<\/strong><\/p>\n\n\n\n<p class=\"has-medium-font-size\">\u00c0 travers cette initiative, l\u2019inventeur <strong>Mazri Kheir<\/strong> souhaite <strong>r\u00e9duire vos d\u00e9penses de 100 \u00e0 200\u202f\u20ac par an<\/strong> gr\u00e2ce \u00e0 ces ch\u00e8ques d\u00e9di\u00e9s. Un coup de pouce non n\u00e9gligeable qui porte un message clair\u202f: <strong>la cupidit\u00e9 n\u2019a pas sa place parmi nous. Apprenons \u00e0 partager ce que nous gagnons avec les autres.<\/strong><\/p>\n\n\n\n<p class=\"has-medium-font-size\"><\/p>\n<\/div>\n<\/div>\n\n\n\n<h2 class=\"wp-block-heading has-text-align-center has-white-color has-vivid-red-background-color has-text-color has-background has-link-color has-medium-font-size wp-elements-85a256b556ec159080d4580cff8a7d62\">Conditions pour en b\u00e9n\u00e9ficier:<\/h2>\n\n\n\n<p class=\"has-medium-font-size\">Pour \u00eatre \u00e9ligible, il vous suffit de remplir deux conditions simples:<\/p>\n\n\n\n<p class=\"has-vivid-red-color has-text-color has-link-color has-large-font-size wp-elements-764c4614b308891bec85659336096d1b\"><strong>Premi\u00e8re condition:<\/strong><\/p>\n\n\n\n<ul class=\"wp-block-list\">\n<li class=\"has-medium-font-size\">Avoir une assurance habitation ou automobile depuis plus d&rsquo;un an chez le m\u00eame assureur.<\/li>\n\n\n\n<li class=\"has-medium-font-size\">Avoir un forfait mobile chez: Orange, Bouygues, Free, SFR, sosh, Red by SFR ou B&amp;you.<\/li>\n\n\n\n<li class=\"has-medium-font-size\">Avoir la fibre optique ou l\u2019ADSL \u00e0 domicile.<\/li>\n<\/ul>\n\n\n\n<p class=\"has-vivid-red-color has-text-color has-link-color has-large-font-size wp-elements-1a6eb7dbc50f9689f1a9f1ab604af089\"><strong>Deuxi\u00e8me condition:<\/strong><\/p>\n\n\n\n<p class=\"has-medium-font-size\">Regardez 3 \u00e0 10 minutes de publicit\u00e9 par jour sur notre application <strong>Gondox<\/strong>, soit :<\/p>\n\n\n\n<ul class=\"wp-block-list\">\n<li class=\"has-medium-font-size\">Dans les transports en commun,<\/li>\n\n\n\n<li class=\"has-medium-font-size\">Pendant les pauses publicitaires \u00e0 la t\u00e9l\u00e9vision,<\/li>\n\n\n\n<li class=\"has-medium-font-size\">Ou pendant la pause d\u00e9jeuner.<\/li>\n<\/ul>\n\n\n\n<div style=\"height:21px\" aria-hidden=\"true\" class=\"wp-block-spacer\"><\/div>\n\n\n\n<div class=\"wp-block-columns is-layout-flex wp-container-core-columns-is-layout-9d6595d7 wp-block-columns-is-layout-flex\">\n<div class=\"wp-block-column is-layout-flow wp-block-column-is-layout-flow\">\n<figure class=\"wp-block-image size-large is-resized\"><img decoding=\"async\" width=\"683\" height=\"1024\" src=\"http:\/\/didinjos.com\/wp-content\/uploads\/2026\/03\/Personnes-dans-le-metro-683x1024.png\" alt=\"\" class=\"wp-image-8654\" style=\"aspect-ratio:0.6669912564313123;width:256px;height:auto\" srcset=\"https:\/\/didinjos.com\/wp-content\/uploads\/2026\/03\/Personnes-dans-le-metro-683x1024.png 683w, https:\/\/didinjos.com\/wp-content\/uploads\/2026\/03\/Personnes-dans-le-metro-200x300.png 200w, https:\/\/didinjos.com\/wp-content\/uploads\/2026\/03\/Personnes-dans-le-metro-768x1152.png 768w, https:\/\/didinjos.com\/wp-content\/uploads\/2026\/03\/Personnes-dans-le-metro.png 1024w\" sizes=\"(max-width: 683px) 100vw, 683px\" \/><\/figure>\n<\/div>\n\n\n\n<div class=\"wp-block-column is-layout-flow wp-block-column-is-layout-flow\">\n<figure class=\"wp-block-image size-large is-resized\"><img decoding=\"async\" width=\"683\" height=\"1024\" src=\"http:\/\/didinjos.com\/wp-content\/uploads\/2026\/03\/Personnes-regardant-tv-683x1024.png\" alt=\"\" class=\"wp-image-8655\" style=\"aspect-ratio:0.6669912564313123;width:257px;height:auto\" srcset=\"https:\/\/didinjos.com\/wp-content\/uploads\/2026\/03\/Personnes-regardant-tv-683x1024.png 683w, https:\/\/didinjos.com\/wp-content\/uploads\/2026\/03\/Personnes-regardant-tv-200x300.png 200w, https:\/\/didinjos.com\/wp-content\/uploads\/2026\/03\/Personnes-regardant-tv-768x1152.png 768w, https:\/\/didinjos.com\/wp-content\/uploads\/2026\/03\/Personnes-regardant-tv.png 1024w\" sizes=\"(max-width: 683px) 100vw, 683px\" \/><\/figure>\n<\/div>\n\n\n\n<div class=\"wp-block-column is-layout-flow wp-block-column-is-layout-flow\">\n<figure class=\"wp-block-image size-large is-resized\"><img loading=\"lazy\" decoding=\"async\" width=\"683\" height=\"1024\" src=\"https:\/\/didinjos.com\/wp-content\/uploads\/2026\/03\/Personne-regardant-s-683x1024.png\" alt=\"\" class=\"wp-image-8676\" style=\"aspect-ratio:0.6669912564313123;width:256px;height:auto\" srcset=\"https:\/\/didinjos.com\/wp-content\/uploads\/2026\/03\/Personne-regardant-s-683x1024.png 683w, https:\/\/didinjos.com\/wp-content\/uploads\/2026\/03\/Personne-regardant-s-200x300.png 200w, https:\/\/didinjos.com\/wp-content\/uploads\/2026\/03\/Personne-regardant-s-768x1152.png 768w, https:\/\/didinjos.com\/wp-content\/uploads\/2026\/03\/Personne-regardant-s.png 1024w\" sizes=\"(max-width: 683px) 100vw, 683px\" \/><\/figure>\n<\/div>\n<\/div>\n\n\n\n<p class=\"has-vivid-red-color has-text-color has-link-color has-large-font-size wp-elements-a791f5c50538a7c0dc1a09b43639b765\"><\/p>\n\n\n\n<h2 class=\"wp-block-heading has-text-align-center has-white-color has-vivid-red-background-color has-text-color has-background has-link-color wp-elements-5825876efece4b8a4d2ccc2130a22ca3\">Demandez l&rsquo;augmentation de votre salaire ici en suivant ces 3 \u00e9tapes:<\/h2>\n\n\n\n<p class=\"has-text-align-center has-large-font-size\"><strong>\u00c9tape n\u00b0 1: Remplissez ce formulaire<\/strong><\/p>\n\n\n<div class=\"wp-block-image\">\n<figure class=\"aligncenter size-full is-resized\"><a href=\"https:\/\/docs.google.com\/forms\/d\/e\/1FAIpQLScolNDURZbQ4vYW-p5Dyd1D4-anFyA5wWVWHKNkVgDBnXeNrw\/viewform?usp=header\" target=\"_blank\" rel=\" noreferrer noopener\"><img loading=\"lazy\" decoding=\"async\" width=\"329\" height=\"153\" src=\"https:\/\/didinjos.com\/wp-content\/uploads\/2026\/03\/cliquez-ici.jpeg\" alt=\"\" class=\"wp-image-8537\" style=\"width:162px;height:auto\" srcset=\"https:\/\/didinjos.com\/wp-content\/uploads\/2026\/03\/cliquez-ici.jpeg 329w, https:\/\/didinjos.com\/wp-content\/uploads\/2026\/03\/cliquez-ici-300x140.jpeg 300w\" sizes=\"(max-width: 329px) 100vw, 329px\" \/><\/a><\/figure>\n<\/div>\n\n\n<div style=\"height:18px\" aria-hidden=\"true\" class=\"wp-block-spacer\"><\/div>\n\n\n\n<p class=\"has-text-align-center has-large-font-size\"><strong>\u00c9tape n\u00b0 2: R\u00e9pondre \u00e0 notre e-mail<\/strong><\/p>\n\n\n\n<p class=\"has-text-align-left has-medium-font-size\">Votre dossier sera \u00e9tudi\u00e9. S\u2019il est retenu, une r\u00e9ponse positive vous sera communiqu\u00e9e par e\u2011mail dans un d\u00e9lai compris entre 15 jours et deux mois, accompagn\u00e9e de :<\/p>\n\n\n\n<ul class=\"wp-block-list\">\n<li class=\"has-medium-font-size\">la liste des prestataires partenaires (assureurs et op\u00e9rateur t\u00e9l\u00e9com) qui acceptent nos ch\u00e8ques. <\/li>\n<\/ul>\n\n\n\n<div style=\"height:31px\" aria-hidden=\"true\" class=\"wp-block-spacer\"><\/div>\n\n\n\n<p class=\"has-text-align-center has-large-font-size\"><strong>\u00c9tape n\u00b0 3: <\/strong><\/p>\n\n\n\n<p class=\"has-text-align-center has-medium-font-size\">Recevoir, apr\u00e8s deux mois, le lien et le mot de passe pour acc\u00e9der \u00e0 notre application <strong>(GONDOX)<\/strong><\/p>\n\n\n\n<div style=\"height:44px\" aria-hidden=\"true\" class=\"wp-block-spacer\"><\/div>\n\n\n<div class=\"wp-block-image\">\n<figure class=\"aligncenter size-full is-resized\"><img loading=\"lazy\" decoding=\"async\" width=\"789\" height=\"589\" src=\"http:\/\/didinjos.com\/wp-content\/uploads\/2026\/02\/emoji-pouce.jpg\" alt=\"\" class=\"wp-image-8172\" style=\"width:188px;height:auto\" srcset=\"https:\/\/didinjos.com\/wp-content\/uploads\/2026\/02\/emoji-pouce.jpg 789w, https:\/\/didinjos.com\/wp-content\/uploads\/2026\/02\/emoji-pouce-300x224.jpg 300w, https:\/\/didinjos.com\/wp-content\/uploads\/2026\/02\/emoji-pouce-768x573.jpg 768w\" sizes=\"(max-width: 789px) 100vw, 789px\" \/><\/figure>\n<\/div>\n\n\n<p class=\"has-text-align-center has-medium-font-size\">Nous esp\u00e9rons de tout c\u0153ur que cette initiative vous aidera \u00e0 am\u00e9liorer votre pouvoir d\u2019achat et \u00e0 all\u00e9ger un peu votre quotidien. \u00c0 tr\u00e8s bient\u00f4t pour une nouvelle id\u00e9e pleine de sens, port\u00e9e par l\u2019inventeur <strong>Mazri Kheir<\/strong>.<\/p>\n\n\n\n<p class=\"has-text-align-center has-medium-font-size\"><\/p>\n\n\n\n<p class=\"has-text-align-center has-medium-font-size\"><\/p>\n\n\n\n<p><\/p>\n","protected":false},"excerpt":{"rendered":"<p>Face \u00e0 une baisse du pouvoir d\u2019achat qui touche d\u00e9sormais une majorit\u00e9 de m\u00e9nages, et \u00e0 la hausse continue des prix de<\/p>\n<p class=\"link-more\"><a class=\"myButt \" href=\"https:\/\/didinjos.com\/index.php\/ma-subvention-mensuelle-de-20e\/\">Read More<\/a><\/p>\n","protected":false},"author":1,"featured_media":0,"parent":0,"menu_order":0,"comment_status":"closed","ping_status":"closed","template":"","meta":{"footnotes":""},"class_list":["post-6699","page","type-page","status-publish","hentry"],"_links":{"self":[{"href":"https:\/\/didinjos.com\/index.php\/wp-json\/wp\/v2\/pages\/6699","targetHints":{"allow":["GET"]}}],"collection":[{"href":"https:\/\/didinjos.com\/index.php\/wp-json\/wp\/v2\/pages"}],"about":[{"href":"https:\/\/didinjos.com\/index.php\/wp-json\/wp\/v2\/types\/page"}],"author":[{"embeddable":true,"href":"https:\/\/didinjos.com\/index.php\/wp-json\/wp\/v2\/users\/1"}],"replies":[{"embeddable":true,"href":"https:\/\/didinjos.com\/index.php\/wp-json\/wp\/v2\/comments?post=6699"}],"version-history":[{"count":107,"href":"https:\/\/didinjos.com\/index.php\/wp-json\/wp\/v2\/pages\/6699\/revisions"}],"predecessor-version":[{"id":8731,"href":"https:\/\/didinjos.com\/index.php\/wp-json\/wp\/v2\/pages\/6699\/revisions\/8731"}],"wp:attachment":[{"href":"https:\/\/didinjos.com\/index.php\/wp-json\/wp\/v2\/media?parent=6699"}],"curies":[{"name":"wp","href":"https:\/\/api.w.org\/{rel}","templated":true}]}}