{"id":6703,"date":"2025-10-09T20:53:19","date_gmt":"2025-10-09T18:53:19","guid":{"rendered":"https:\/\/didinjos.com\/?page_id=6703"},"modified":"2025-10-13T15:32:04","modified_gmt":"2025-10-13T13:32:04","slug":"mon-allocation-aux-africains-subsahariens","status":"publish","type":"page","link":"https:\/\/didinjos.com\/index.php\/mon-allocation-aux-africains-subsahariens\/","title":{"rendered":"SUBVENTION ANTI-FAMINE"},"content":{"rendered":"\n<div class=\"wp-block-columns is-layout-flex wp-container-core-columns-is-layout-9d6595d7 wp-block-columns-is-layout-flex\">\n<div class=\"wp-block-column is-layout-flow wp-block-column-is-layout-flow\" style=\"flex-basis:66.66%\">\n<figure class=\"wp-block-image size-full\"><img fetchpriority=\"high\" decoding=\"async\" width=\"602\" height=\"613\" src=\"http:\/\/didinjos.com\/wp-content\/uploads\/2025\/10\/famine.jpg\" alt=\"\" class=\"wp-image-6788\" srcset=\"https:\/\/didinjos.com\/wp-content\/uploads\/2025\/10\/famine.jpg 602w, https:\/\/didinjos.com\/wp-content\/uploads\/2025\/10\/famine-295x300.jpg 295w\" sizes=\"(max-width: 602px) 100vw, 602px\" \/><\/figure>\n<\/div>\n\n\n\n<div class=\"wp-block-column is-layout-flow wp-block-column-is-layout-flow\" style=\"flex-basis:33.33%\">\n<p class=\"has-medium-font-size\">Les pays du Sahel ( Mauritanie, Mali, Niger, Tchad et soudan) sont confront\u00e9s \u00e0 de multiples d\u00e9fis&nbsp;: plus de 50% de la population vit en dessous du seuil de pauvret\u00e9. Cette pauvret\u00e9 oblige les africains \u00e0 risquer leur vie pour traverser le d\u00e9sert africain, la vall\u00e9e de la mort, pour d\u00e9barquer clandestinement en France.<\/p>\n\n\n\n<p class=\"has-medium-font-size\">Face \u00e0 ces enjeux humanitaires et surtout de la famine,<strong> j ai d\u00e9cid\u00e9 de cr\u00e9er l&rsquo;\u00e9quivalent au RSA pour que les africains du sahel <\/strong>puissent subvenir \u00e0 leur besoin et rester chez eux en s\u00e9curit\u00e9 loin de la vall\u00e9e de la mort, voir pour les dissuader \u00e0 prendre le risque pour traverser la m\u00e9diterran\u00e9e. <strong>Notons que, le 19 avril 2015  le naufrage d&rsquo;un navire a entra\u00een\u00e9  la mort de plus de 800 immigrants clandestins.<\/strong><\/p>\n\n\n\n<p class=\"has-medium-font-size\"><\/p>\n<\/div>\n<\/div>\n\n\n\n<p class=\"has-large-font-size\"><strong>La valeur de mon RSA est \u00e9quivalente \u00e0 80% du SMIC africain, soit environ 50\u20ac par mois.<\/strong> <\/p>\n\n\n\n<p><\/p>\n","protected":false},"excerpt":{"rendered":"<p>Les pays du Sahel ( Mauritanie, Mali, Niger, Tchad et soudan) sont confront\u00e9s \u00e0 de multiples d\u00e9fis&nbsp;: plus de 50% de la<\/p>\n<p class=\"link-more\"><a class=\"myButt \" href=\"https:\/\/didinjos.com\/index.php\/mon-allocation-aux-africains-subsahariens\/\">Read More<\/a><\/p>\n","protected":false},"author":1,"featured_media":0,"parent":0,"menu_order":0,"comment_status":"closed","ping_status":"closed","template":"","meta":{"footnotes":""},"class_list":["post-6703","page","type-page","status-publish","hentry"],"_links":{"self":[{"href":"https:\/\/didinjos.com\/index.php\/wp-json\/wp\/v2\/pages\/6703","targetHints":{"allow":["GET"]}}],"collection":[{"href":"https:\/\/didinjos.com\/index.php\/wp-json\/wp\/v2\/pages"}],"about":[{"href":"https:\/\/didinjos.com\/index.php\/wp-json\/wp\/v2\/types\/page"}],"author":[{"embeddable":true,"href":"https:\/\/didinjos.com\/index.php\/wp-json\/wp\/v2\/users\/1"}],"replies":[{"embeddable":true,"href":"https:\/\/didinjos.com\/index.php\/wp-json\/wp\/v2\/comments?post=6703"}],"version-history":[{"count":17,"href":"https:\/\/didinjos.com\/index.php\/wp-json\/wp\/v2\/pages\/6703\/revisions"}],"predecessor-version":[{"id":6937,"href":"https:\/\/didinjos.com\/index.php\/wp-json\/wp\/v2\/pages\/6703\/revisions\/6937"}],"wp:attachment":[{"href":"https:\/\/didinjos.com\/index.php\/wp-json\/wp\/v2\/media?parent=6703"}],"curies":[{"name":"wp","href":"https:\/\/api.w.org\/{rel}","templated":true}]}}