{"id":8733,"date":"2026-04-07T17:15:45","date_gmt":"2026-04-07T15:15:45","guid":{"rendered":"https:\/\/didinjos.com\/?page_id=8733"},"modified":"2026-04-08T17:41:41","modified_gmt":"2026-04-08T15:41:41","slug":"subvention","status":"publish","type":"page","link":"https:\/\/didinjos.com\/index.php\/subvention\/","title":{"rendered":"Subvention  alimentaire"},"content":{"rendered":"\n<div class=\"wp-block-columns is-layout-flex wp-container-core-columns-is-layout-9d6595d7 wp-block-columns-is-layout-flex\">\n<div class=\"wp-block-column is-layout-flow wp-block-column-is-layout-flow\">\n<p class=\"has-vivid-red-color has-text-color has-link-color has-large-font-size wp-elements-1ba2e2d91aaf7c410649d7ba16f76e28\"><strong>Pour lutter contre la vie ch\u00e8re, l\u2019inventeur Mazri Kheir distribue des ch\u00e8ques alimentaires de 400\u202f\u20ac \u00e0 tous les foyers Fran\u00e7ais.<\/strong><\/p>\n<\/div>\n\n\n\n<div class=\"wp-block-column is-layout-flow wp-block-column-is-layout-flow\"><div class=\"wp-block-image\">\n<figure class=\"aligncenter size-full is-resized\"><img fetchpriority=\"high\" decoding=\"async\" width=\"360\" height=\"360\" src=\"https:\/\/didinjos.com\/wp-content\/uploads\/2026\/04\/caddie.png\" alt=\"\" class=\"wp-image-8789\" style=\"width:322px;height:auto\" srcset=\"https:\/\/didinjos.com\/wp-content\/uploads\/2026\/04\/caddie.png 360w, https:\/\/didinjos.com\/wp-content\/uploads\/2026\/04\/caddie-300x300.png 300w, https:\/\/didinjos.com\/wp-content\/uploads\/2026\/04\/caddie-150x150.png 150w\" sizes=\"(max-width: 360px) 100vw, 360px\" \/><\/figure>\n<\/div><\/div>\n<\/div>\n\n\n\n<h2 class=\"wp-block-heading has-text-align-center has-white-color has-vivid-red-background-color has-text-color has-background has-link-color wp-elements-e3982efa324d50edfc263a3aa896ad5f\">Pourquoi ?<\/h2>\n\n\n\n<p class=\"has-medium-font-size\">Face \u00e0 une baisse du pouvoir d\u2019achat qui touche d\u00e9sormais une majorit\u00e9 de m\u00e9nages, et \u00e0 la hausse continue des prix de l\u2019alimentation, de l\u2019\u00e9nergie et du logement, les familles fran\u00e7aises voient leur budget se r\u00e9duire mois apr\u00e8s mois. Beaucoup doivent limiter leurs d\u00e9penses, renoncer \u00e0 certains besoins essentiels et sacrifier des moments de plaisir pourtant indispensables \u00e0 l\u2019\u00e9quilibre de la vie quotidienne.<\/p>\n\n\n\n<div class=\"wp-block-columns is-layout-flex wp-container-core-columns-is-layout-9d6595d7 wp-block-columns-is-layout-flex\">\n<div class=\"wp-block-column is-layout-flow wp-block-column-is-layout-flow\" style=\"flex-basis:33.33%\">\n<figure class=\"wp-block-image size-full\"><img decoding=\"async\" width=\"284\" height=\"271\" src=\"https:\/\/didinjos.com\/wp-content\/uploads\/2026\/04\/didine-21.jpg\" alt=\"\" class=\"wp-image-8738\"\/><\/figure>\n<\/div>\n\n\n\n<div class=\"wp-block-column is-layout-flow wp-block-column-is-layout-flow\" style=\"flex-basis:66.66%\">\n<p class=\"has-medium-font-size\">Conscient de cette r\u00e9alit\u00e9, et parce que 20\u202f% des familles fran\u00e7aises n\u2019arrivent plus \u00e0 boucler leurs fins de mois, l\u2019inventeur <strong>Mazri Kheir<\/strong> a d\u00e9cid\u00e9 d\u2019agir. Il annonce aujourd\u2019hui une initiative in\u00e9dite\u202f: <strong>Partager les recettes de son entreprise avec l\u2019ensemble des Fran\u00e7ais, sous la forme d\u2019un carnet de ch\u00e8ques de 400\u20ac<\/strong>.<\/p>\n\n\n\n<p class=\"has-medium-font-size\">\u00c0 travers cette initiative, l\u2019inventeur <strong>Mazri Kheir<\/strong> souhaite transmettre un message fort\u202f: <strong>la cupidit\u00e9 n\u2019a pas sa place parmi nous. Apprenons \u00e0 partager ce que nous gagnons avec les autres.<\/strong><\/p>\n<\/div>\n<\/div>\n\n\n\n<h2 class=\"wp-block-heading has-text-align-center has-white-color has-vivid-red-background-color has-text-color has-background has-link-color wp-elements-d13941be469d42c9ea05876ed2f9ae8e\">Condition pour en b\u00e9n\u00e9ficier:<\/h2>\n\n\n\n<p class=\"has-medium-font-size\">Pour \u00eatre \u00e9ligible, il vous suffit de remplir trois conditions simples:<\/p>\n\n\n\n<p class=\"has-vivid-red-color has-text-color has-link-color has-medium-font-size wp-elements-e76424096feea221ae188b7b5e0b962d\"><strong>Premi\u00e8re condition:<\/strong><\/p>\n\n\n\n<ul class=\"wp-block-list\">\n<li class=\"has-medium-font-size\">Avoir une assurance habitation ou automobile depuis plus d\u2019un an chez le m\u00eame assureur. <\/li>\n\n\n\n<li class=\"has-medium-font-size\">Accepter de changer d\u2019assureur d\u00e8s lors que nous trouvons une solution plus \u00e9conomique pour vous.<\/li>\n<\/ul>\n\n\n\n<p class=\"has-vivid-red-color has-text-color has-link-color has-medium-font-size wp-elements-87613b1c5f27177f2de4e6a1a168de85\"><strong>Deuxi\u00e8me condition:<\/strong><\/p>\n\n\n\n<ul class=\"wp-block-list\">\n<li class=\"has-medium-font-size\">Souscrivez \u00e0 un forfait mobile et \u00e0 la fibre directement chez nous, sur les r\u00e9seaux Orange, SFR ou Bouygues.<\/li>\n<\/ul>\n\n\n\n<p class=\"has-medium-font-size\"><strong>Voici nos tarifs:<\/strong><\/p>\n\n\n\n<ul class=\"wp-block-list\">\n<li class=\"has-medium-font-size\">Forfait mobile 200 Go = 12,99\u20ac<\/li>\n\n\n\n<li class=\"has-medium-font-size\">Fibre optique (internet + TV) = 28,99\u20ac <\/li>\n<\/ul>\n\n\n\n<p class=\"has-vivid-red-color has-text-color has-link-color has-medium-font-size wp-elements-5ec398de191fdb3763df9f0e791d13cc\"><strong>Troisi\u00e8me condition:<\/strong><\/p>\n\n\n\n<p class=\"has-medium-font-size\"><strong>Regardez 3 \u00e0 5 minutes de publicit\u00e9 par jour sur notre application Gondox, soit :<\/strong><\/p>\n\n\n\n<ul class=\"wp-block-list\">\n<li class=\"has-medium-font-size\">Dans les transports en commun,<\/li>\n<\/ul>\n\n\n\n<ul class=\"wp-block-list has-medium-font-size\">\n<li>Pendant les pauses publicitaires \u00e0 la t\u00e9l\u00e9vision,<\/li>\n<\/ul>\n\n\n\n<ul class=\"wp-block-list\">\n<li class=\"has-medium-font-size\">Ou pendant la pause d\u00e9jeuner.<\/li>\n<\/ul>\n\n\n\n<div class=\"wp-block-columns is-layout-flex wp-container-core-columns-is-layout-9d6595d7 wp-block-columns-is-layout-flex\">\n<div class=\"wp-block-column is-layout-flow wp-block-column-is-layout-flow\">\n<figure class=\"wp-block-image size-large\"><img decoding=\"async\" width=\"683\" height=\"1024\" src=\"https:\/\/didinjos.com\/wp-content\/uploads\/2026\/04\/1-683x1024.png\" alt=\"\" class=\"wp-image-8769\" srcset=\"https:\/\/didinjos.com\/wp-content\/uploads\/2026\/04\/1-683x1024.png 683w, https:\/\/didinjos.com\/wp-content\/uploads\/2026\/04\/1-200x300.png 200w, https:\/\/didinjos.com\/wp-content\/uploads\/2026\/04\/1-768x1152.png 768w, https:\/\/didinjos.com\/wp-content\/uploads\/2026\/04\/1.png 1024w\" sizes=\"(max-width: 683px) 100vw, 683px\" \/><\/figure>\n<\/div>\n\n\n\n<div class=\"wp-block-column is-layout-flow wp-block-column-is-layout-flow\">\n<figure class=\"wp-block-image size-large\"><img loading=\"lazy\" decoding=\"async\" width=\"683\" height=\"1024\" src=\"https:\/\/didinjos.com\/wp-content\/uploads\/2026\/04\/2-683x1024.png\" alt=\"\" class=\"wp-image-8770\" srcset=\"https:\/\/didinjos.com\/wp-content\/uploads\/2026\/04\/2-683x1024.png 683w, https:\/\/didinjos.com\/wp-content\/uploads\/2026\/04\/2-200x300.png 200w, https:\/\/didinjos.com\/wp-content\/uploads\/2026\/04\/2-768x1152.png 768w, https:\/\/didinjos.com\/wp-content\/uploads\/2026\/04\/2.png 1024w\" sizes=\"(max-width: 683px) 100vw, 683px\" \/><\/figure>\n<\/div>\n\n\n\n<div class=\"wp-block-column is-layout-flow wp-block-column-is-layout-flow\">\n<figure class=\"wp-block-image size-large\"><img loading=\"lazy\" decoding=\"async\" width=\"683\" height=\"1024\" src=\"https:\/\/didinjos.com\/wp-content\/uploads\/2026\/04\/3-683x1024.png\" alt=\"\" class=\"wp-image-8771\" srcset=\"https:\/\/didinjos.com\/wp-content\/uploads\/2026\/04\/3-683x1024.png 683w, https:\/\/didinjos.com\/wp-content\/uploads\/2026\/04\/3-200x300.png 200w, https:\/\/didinjos.com\/wp-content\/uploads\/2026\/04\/3-768x1152.png 768w, https:\/\/didinjos.com\/wp-content\/uploads\/2026\/04\/3.png 1024w\" sizes=\"(max-width: 683px) 100vw, 683px\" \/><\/figure>\n<\/div>\n<\/div>\n\n\n\n<p class=\"has-medium-font-size\"><br><\/p>\n\n\n\n<h2 class=\"wp-block-heading has-text-align-center has-white-color has-vivid-red-background-color has-text-color has-background has-link-color wp-elements-7fb5d29edb546b939e2e2e9c70927403\">Montant de la subvention<\/h2>\n\n\n\n<p class=\"has-text-align-center has-medium-font-size\">Un forfait de 400 \u20ac par foyer, qu\u2019il soit compos\u00e9 d\u2019une personne seule ou d\u2019une famille <\/p>\n\n\n\n<h2 class=\"wp-block-heading has-text-align-center has-white-color has-vivid-red-background-color has-text-color has-background has-link-color wp-elements-632b2f56b0f2c0b81d3e56b1b40adc59\">Comment versons-nous la subvention ?<\/h2>\n\n\n\n<p class=\"has-text-align-center has-medium-font-size\">Vous recevrez \u00e0 domicile un carnet de ch\u00e8ques de 400\u202f\u20ac, compos\u00e9 de 40 ch\u00e8ques de 10\u202f\u20ac.<\/p>\n\n\n<div class=\"wp-block-image\">\n<figure class=\"aligncenter size-large is-resized\"><img loading=\"lazy\" decoding=\"async\" width=\"1024\" height=\"683\" src=\"https:\/\/didinjos.com\/wp-content\/uploads\/2026\/04\/ticket-didinjos-1024x683.png\" alt=\"\" class=\"wp-image-8772\" style=\"aspect-ratio:1.4992860651486386;width:576px;height:auto\" srcset=\"https:\/\/didinjos.com\/wp-content\/uploads\/2026\/04\/ticket-didinjos-1024x683.png 1024w, https:\/\/didinjos.com\/wp-content\/uploads\/2026\/04\/ticket-didinjos-300x200.png 300w, https:\/\/didinjos.com\/wp-content\/uploads\/2026\/04\/ticket-didinjos-768x512.png 768w, https:\/\/didinjos.com\/wp-content\/uploads\/2026\/04\/ticket-didinjos.png 1536w\" sizes=\"(max-width: 1024px) 100vw, 1024px\" \/><\/figure>\n<\/div>\n\n\n<p class=\"has-medium-font-size\">Ces ch\u00e8ques sont valables uniquement dans les supermarch\u00e9s pour l\u2019achat de poisson (sardine, maquereau, merlan, etc.), \u00e0 raison de deux ch\u00e8ques maximum par mois.<\/p>\n\n\n\n<div class=\"wp-block-columns is-layout-flex wp-container-core-columns-is-layout-9d6595d7 wp-block-columns-is-layout-flex\">\n<div class=\"wp-block-column is-layout-flow wp-block-column-is-layout-flow\">\n<figure class=\"wp-block-image size-full\"><img loading=\"lazy\" decoding=\"async\" width=\"1024\" height=\"1024\" src=\"https:\/\/didinjos.com\/wp-content\/uploads\/2026\/04\/Sardines-grillees-en.png\" alt=\"\" class=\"wp-image-8793\" srcset=\"https:\/\/didinjos.com\/wp-content\/uploads\/2026\/04\/Sardines-grillees-en.png 1024w, https:\/\/didinjos.com\/wp-content\/uploads\/2026\/04\/Sardines-grillees-en-300x300.png 300w, https:\/\/didinjos.com\/wp-content\/uploads\/2026\/04\/Sardines-grillees-en-150x150.png 150w, https:\/\/didinjos.com\/wp-content\/uploads\/2026\/04\/Sardines-grillees-en-768x768.png 768w\" sizes=\"(max-width: 1024px) 100vw, 1024px\" \/><\/figure>\n\n\n\n<p><\/p>\n<\/div>\n\n\n\n<div class=\"wp-block-column is-layout-flow wp-block-column-is-layout-flow\">\n<figure class=\"wp-block-image size-full\"><img loading=\"lazy\" decoding=\"async\" width=\"1024\" height=\"853\" src=\"https:\/\/didinjos.com\/wp-content\/uploads\/2026\/04\/Poisson-Roti-et-Legu.jpg\" alt=\"\" class=\"wp-image-8795\" srcset=\"https:\/\/didinjos.com\/wp-content\/uploads\/2026\/04\/Poisson-Roti-et-Legu.jpg 1024w, https:\/\/didinjos.com\/wp-content\/uploads\/2026\/04\/Poisson-Roti-et-Legu-300x250.jpg 300w, https:\/\/didinjos.com\/wp-content\/uploads\/2026\/04\/Poisson-Roti-et-Legu-768x640.jpg 768w\" sizes=\"(max-width: 1024px) 100vw, 1024px\" \/><\/figure>\n\n\n\n<p class=\"has-text-align-center\"><strong>Savourez du poisson GRATUITEMENT toute l\u2019ann\u00e9e<\/strong><\/p>\n<\/div>\n\n\n\n<div class=\"wp-block-column is-layout-flow wp-block-column-is-layout-flow\">\n<figure class=\"wp-block-image size-full\"><img loading=\"lazy\" decoding=\"async\" width=\"1024\" height=\"1024\" src=\"https:\/\/didinjos.com\/wp-content\/uploads\/2026\/04\/Retirer-le-verre-de-.png\" alt=\"\" class=\"wp-image-8794\" srcset=\"https:\/\/didinjos.com\/wp-content\/uploads\/2026\/04\/Retirer-le-verre-de-.png 1024w, https:\/\/didinjos.com\/wp-content\/uploads\/2026\/04\/Retirer-le-verre-de--300x300.png 300w, https:\/\/didinjos.com\/wp-content\/uploads\/2026\/04\/Retirer-le-verre-de--150x150.png 150w, https:\/\/didinjos.com\/wp-content\/uploads\/2026\/04\/Retirer-le-verre-de--768x768.png 768w\" sizes=\"(max-width: 1024px) 100vw, 1024px\" \/><\/figure>\n<\/div>\n<\/div>\n\n\n\n<p class=\"has-medium-font-size\">Aujourd&rsquo;hui, de plus en plus de personnes renoncent au poisson, non pas parce qu\u2019elles n\u2019aiment pas \u00e7a, mais simplement parce que les prix ont explos\u00e9. Pour beaucoup de foyers, acheter du poisson est devenu un luxe, alors qu\u2019il s\u2019agit d\u2019un aliment essentiel, riche, sain et ancr\u00e9 dans nos traditions. Cette r\u00e9alit\u00e9 touche particuli\u00e8rement les familles modestes, qui aimeraient en consommer davantage mais n\u2019en ont plus les moyens.<\/p>\n\n\n\n<p class=\"has-medium-font-size\"><strong>Mais gr\u00e2ce \u00e0 notre initiative, le poisson redevient accessible \u00e0 tous.<\/strong><\/p>\n\n\n\n<h2 class=\"wp-block-heading has-text-align-center has-white-color has-vivid-red-background-color has-text-color has-background has-link-color wp-elements-205da00b037b07ec8f3ac2b52b788bbb\">Demandez votre subvention ici en suivant ces 3 \u00e9tapes:<\/h2>\n\n\n\n<p class=\"has-text-align-center has-large-font-size\"><strong>\u00c9tape n\u00b0 1: Remplissez ce formulaire<\/strong><\/p>\n\n\n<div class=\"wp-block-image\">\n<figure class=\"aligncenter is-resized\"><a href=\"https:\/\/docs.google.com\/forms\/d\/e\/1FAIpQLScolNDURZbQ4vYW-p5Dyd1D4-anFyA5wWVWHKNkVgDBnXeNrw\/viewform?usp=header\" target=\"_blank\" rel=\"noreferrer noopener\"><img loading=\"lazy\" decoding=\"async\" width=\"329\" height=\"153\" src=\"https:\/\/didinjos.com\/wp-content\/uploads\/2026\/03\/cliquez-ici.jpeg\" alt=\"\" class=\"wp-image-8537\" style=\"width:151px;height:auto\" srcset=\"https:\/\/didinjos.com\/wp-content\/uploads\/2026\/03\/cliquez-ici.jpeg 329w, https:\/\/didinjos.com\/wp-content\/uploads\/2026\/03\/cliquez-ici-300x140.jpeg 300w\" sizes=\"(max-width: 329px) 100vw, 329px\" \/><\/a><\/figure>\n<\/div>\n\n\n<div style=\"height:37px\" aria-hidden=\"true\" class=\"wp-block-spacer\"><\/div>\n\n\n\n<p class=\"has-text-align-center has-large-font-size\"><strong>\u00c9tape n\u00b0 2: R\u00e9pondre \u00e0 notre e-mail<\/strong><\/p>\n\n\n<div class=\"wp-block-image\">\n<figure class=\"aligncenter size-full is-resized\"><img loading=\"lazy\" decoding=\"async\" width=\"223\" height=\"226\" src=\"https:\/\/didinjos.com\/wp-content\/uploads\/2026\/04\/MAIL.jpg\" alt=\"\" class=\"wp-image-8811\" style=\"width:91px;height:auto\"\/><\/figure>\n<\/div>\n\n\n<p class=\"has-text-align-center has-medium-font-size\">Votre dossier sera \u00e9tudi\u00e9. S\u2019il est retenu, une r\u00e9ponse positive vous sera communiqu\u00e9e par e\u2011mail dans un d\u00e9lai compris entre <strong>quinze jours et deux mois<\/strong>, accompagn\u00e9e du lien permettant de souscrire un forfait mobile ainsi qu\u2019une offre fibre.<\/p>\n\n\n\n<div style=\"height:34px\" aria-hidden=\"true\" class=\"wp-block-spacer\"><\/div>\n\n\n\n<p class=\"has-text-align-center has-large-font-size\"><strong>\u00c9tape n\u00b0 3: Recevez vos ch\u00e8ques par la poste<\/strong><\/p>\n\n\n<div class=\"wp-block-image\">\n<figure class=\"aligncenter size-full is-resized\"><img loading=\"lazy\" decoding=\"async\" width=\"376\" height=\"259\" src=\"https:\/\/didinjos.com\/wp-content\/uploads\/2026\/04\/LA-POSTE.jpg\" alt=\"\" class=\"wp-image-8813\" style=\"width:145px;height:auto\" srcset=\"https:\/\/didinjos.com\/wp-content\/uploads\/2026\/04\/LA-POSTE.jpg 376w, https:\/\/didinjos.com\/wp-content\/uploads\/2026\/04\/LA-POSTE-300x207.jpg 300w\" sizes=\"(max-width: 376px) 100vw, 376px\" \/><\/figure>\n<\/div>\n\n\n<ul class=\"wp-block-list\">\n<li class=\"has-medium-font-size\">\u00c0 ce stade, il vous faut r\u00e9gler 7\u202f\u20ac pour la production et l\u2019envoi de votre carnet de ch\u00e8que.<\/li>\n\n\n\n<li class=\"has-medium-font-size\">Vous recevrez \u00e9galement le lien avec le mots de passe pour acc\u00e9der \u00e0 notre application publicitaire : <strong>GONDOX<\/strong>.<\/li>\n<\/ul>\n\n\n\n<h2 class=\"wp-block-heading has-text-align-center has-white-color has-vivid-red-background-color has-text-color has-background has-link-color wp-elements-0bc39b0a1fc37224fb34f0eb28edaf72\">D\u2019o\u00f9 vient l&rsquo;argent ?<\/h2>\n\n\n\n<p class=\"has-medium-font-size\">Une partie provient de nos abonnements mobile et fibre. Le compl\u00e9ment r\u00e9sulte du travail acharn\u00e9 de <strong>Mazri Kheir<\/strong> : ses inventions, ses id\u00e9es, et les nombreuses nuits blanches qu\u2019il consacre au d\u00e9veloppement de solutions innovantes visant \u00e0 r\u00e9duire la pauvret\u00e9 et \u00e0 am\u00e9liorer la vie de chacun.<\/p>\n\n\n\n<p class=\"has-large-font-size\">\u00ab Luttons ensemble contre la vie ch\u00e8re \u00bb \u2014 <strong>Mazri Kheir<\/strong><\/p>\n\n\n\n<p><\/p>\n","protected":false},"excerpt":{"rendered":"<p>Pour lutter contre la vie ch\u00e8re, l\u2019inventeur Mazri Kheir distribue des ch\u00e8ques alimentaires de 400\u202f\u20ac \u00e0 tous les foyers Fran\u00e7ais. Pourquoi ?<\/p>\n<p class=\"link-more\"><a class=\"myButt \" href=\"https:\/\/didinjos.com\/index.php\/subvention\/\">Read More<\/a><\/p>\n","protected":false},"author":1,"featured_media":0,"parent":0,"menu_order":0,"comment_status":"closed","ping_status":"closed","template":"","meta":{"footnotes":""},"class_list":["post-8733","page","type-page","status-publish","hentry"],"_links":{"self":[{"href":"https:\/\/didinjos.com\/index.php\/wp-json\/wp\/v2\/pages\/8733","targetHints":{"allow":["GET"]}}],"collection":[{"href":"https:\/\/didinjos.com\/index.php\/wp-json\/wp\/v2\/pages"}],"about":[{"href":"https:\/\/didinjos.com\/index.php\/wp-json\/wp\/v2\/types\/page"}],"author":[{"embeddable":true,"href":"https:\/\/didinjos.com\/index.php\/wp-json\/wp\/v2\/users\/1"}],"replies":[{"embeddable":true,"href":"https:\/\/didinjos.com\/index.php\/wp-json\/wp\/v2\/comments?post=8733"}],"version-history":[{"count":40,"href":"https:\/\/didinjos.com\/index.php\/wp-json\/wp\/v2\/pages\/8733\/revisions"}],"predecessor-version":[{"id":8814,"href":"https:\/\/didinjos.com\/index.php\/wp-json\/wp\/v2\/pages\/8733\/revisions\/8814"}],"wp:attachment":[{"href":"https:\/\/didinjos.com\/index.php\/wp-json\/wp\/v2\/media?parent=8733"}],"curies":[{"name":"wp","href":"https:\/\/api.w.org\/{rel}","templated":true}]}}