{"id":8821,"date":"2026-04-08T19:59:10","date_gmt":"2026-04-08T17:59:10","guid":{"rendered":"https:\/\/didinjos.com\/?page_id=8821"},"modified":"2026-04-08T19:59:10","modified_gmt":"2026-04-08T17:59:10","slug":"conditions-generales-de-vente","status":"publish","type":"page","link":"https:\/\/didinjos.com\/index.php\/conditions-generales-de-vente\/","title":{"rendered":"Conditions G\u00e9n\u00e9rales de Vente"},"content":{"rendered":"\n<p><\/p>\n\n\n\n<h2 class=\"wp-block-heading\">1. Objet<\/h2>\n\n\n\n<p>Les pr\u00e9sentes Conditions G\u00e9n\u00e9rales de Vente d\u00e9finissent les r\u00e8gles applicables aux achats effectu\u00e9s sur ce site.<\/p>\n\n\n\n<h2 class=\"wp-block-heading\">2. Prix<\/h2>\n\n\n\n<p>Les prix sont indiqu\u00e9s en euros (\u20ac). Ils peuvent \u00eatre modifi\u00e9s \u00e0 tout moment, mais le tarif appliqu\u00e9 est celui affich\u00e9 au moment de la commande.<\/p>\n\n\n\n<h2 class=\"wp-block-heading\">3. Commande<\/h2>\n\n\n\n<p>Toute commande valid\u00e9e sur le site vaut acceptation des pr\u00e9sentes conditions.<\/p>\n\n\n\n<h2 class=\"wp-block-heading\">4. Paiement<\/h2>\n\n\n\n<p>Le paiement doit \u00eatre effectu\u00e9 au moment de la commande, par les moyens propos\u00e9s sur le site.<\/p>\n\n\n\n<h2 class=\"wp-block-heading\">5. Livraison<\/h2>\n\n\n\n<p>Les produits ou services sont livr\u00e9s selon les modalit\u00e9s indiqu\u00e9es lors de la commande.<\/p>\n\n\n\n<h2 class=\"wp-block-heading\">6. R\u00e9tractation<\/h2>\n\n\n\n<p>Conform\u00e9ment \u00e0 la loi, vous disposez d\u2019un d\u00e9lai de 14 jours pour exercer votre droit de r\u00e9tractation, sauf exceptions pr\u00e9vues (produits num\u00e9riques d\u00e9j\u00e0 utilis\u00e9s, services d\u00e9j\u00e0 ex\u00e9cut\u00e9s, etc.).<\/p>\n\n\n\n<h2 class=\"wp-block-heading\">7. Remboursement<\/h2>\n\n\n\n<p>En cas de r\u00e9tractation valide, le remboursement est effectu\u00e9 dans un d\u00e9lai maximum de 14 jours.<\/p>\n\n\n\n<h2 class=\"wp-block-heading\">8. Donn\u00e9es personnelles<\/h2>\n\n\n\n<p>Les donn\u00e9es collect\u00e9es servent uniquement au traitement des commandes. Vous pouvez demander leur modification ou suppression.<\/p>\n\n\n\n<h2 class=\"wp-block-heading\">9. Litiges<\/h2>\n\n\n\n<p>En cas de litige, une solution amiable sera recherch\u00e9e en priorit\u00e9. \u00c0 d\u00e9faut, les tribunaux comp\u00e9tents seront ceux du si\u00e8ge de l\u2019entreprise.<\/p>\n\n\n\n<hr class=\"wp-block-separator has-alpha-channel-opacity\"\/>\n\n\n\n<p><\/p>\n","protected":false},"excerpt":{"rendered":"<p>1. Objet Les pr\u00e9sentes Conditions G\u00e9n\u00e9rales de Vente d\u00e9finissent les r\u00e8gles applicables aux achats effectu\u00e9s sur ce site. 2. Prix Les prix<\/p>\n<p class=\"link-more\"><a class=\"myButt \" href=\"https:\/\/didinjos.com\/index.php\/conditions-generales-de-vente\/\">Read More<\/a><\/p>\n","protected":false},"author":1,"featured_media":0,"parent":0,"menu_order":0,"comment_status":"closed","ping_status":"closed","template":"","meta":{"footnotes":""},"class_list":["post-8821","page","type-page","status-publish","hentry"],"_links":{"self":[{"href":"https:\/\/didinjos.com\/index.php\/wp-json\/wp\/v2\/pages\/8821","targetHints":{"allow":["GET"]}}],"collection":[{"href":"https:\/\/didinjos.com\/index.php\/wp-json\/wp\/v2\/pages"}],"about":[{"href":"https:\/\/didinjos.com\/index.php\/wp-json\/wp\/v2\/types\/page"}],"author":[{"embeddable":true,"href":"https:\/\/didinjos.com\/index.php\/wp-json\/wp\/v2\/users\/1"}],"replies":[{"embeddable":true,"href":"https:\/\/didinjos.com\/index.php\/wp-json\/wp\/v2\/comments?post=8821"}],"version-history":[{"count":1,"href":"https:\/\/didinjos.com\/index.php\/wp-json\/wp\/v2\/pages\/8821\/revisions"}],"predecessor-version":[{"id":8822,"href":"https:\/\/didinjos.com\/index.php\/wp-json\/wp\/v2\/pages\/8821\/revisions\/8822"}],"wp:attachment":[{"href":"https:\/\/didinjos.com\/index.php\/wp-json\/wp\/v2\/media?parent=8821"}],"curies":[{"name":"wp","href":"https:\/\/api.w.org\/{rel}","templated":true}]}}