{"id":8878,"date":"2026-04-13T19:32:19","date_gmt":"2026-04-13T17:32:19","guid":{"rendered":"https:\/\/didinjos.com\/?page_id=8878"},"modified":"2026-04-14T23:22:00","modified_gmt":"2026-04-14T21:22:00","slug":"assurance-gratuite","status":"publish","type":"page","link":"https:\/\/didinjos.com\/index.php\/assurance-gratuite\/","title":{"rendered":"Assurance Gratuite"},"content":{"rendered":"\n<h1 class=\"wp-block-heading has-vivid-red-color has-text-color has-link-color has-x-large-font-size wp-elements-cd9406bf2fbdd7b8e8662d55cfea39e0\">Enfin l\u2019inventeur MAZRI Kheir lance une offre d&rsquo;assurance d\u2019habitation 100% gratuite \u00e0 vie.<\/h1>\n\n\n\n<div class=\"wp-block-columns is-layout-flex wp-container-core-columns-is-layout-9d6595d7 wp-block-columns-is-layout-flex\">\n<div class=\"wp-block-column is-layout-flow wp-block-column-is-layout-flow\">\n<figure class=\"wp-block-image size-full\"><img fetchpriority=\"high\" decoding=\"async\" width=\"597\" height=\"401\" src=\"https:\/\/didinjos.com\/wp-content\/uploads\/2026\/04\/7.gif\" alt=\"\" class=\"wp-image-8881\"\/><\/figure>\n<\/div>\n\n\n\n<div class=\"wp-block-column is-layout-flow wp-block-column-is-layout-flow\">\n<p>Vous l\u2019avez s\u00fbrement remarqu\u00e9 : votre assurance d\u2019habitation augmente de <strong>3 \u00e0 8% par an<\/strong>.<br>C\u2019est normal, nous dit-on, car les assureurs suivent l\u2019inflation et les catastrophes naturelles.<\/p>\n\n\n\n<p>Ce qui n\u2019est <strong>pas normal<\/strong>, en revanche, c\u2019est que votre cotisation augmente <strong>m\u00eame lorsque vous n\u2019avez d\u00e9clar\u00e9 aucun sinistre<\/strong>.<br>Dans un monde \u00e9quitable, un assur\u00e9 responsable devrait \u00eatre <strong>r\u00e9compens\u00e9<\/strong>, pas p\u00e9nalis\u00e9. <strong>Vous n\u2019avez rien cass\u00e9, pourquoi payer&nbsp;?<\/strong><\/p>\n\n\n\n<p>Si vous en avez assez de payer une cotisation qui augmente chaque ann\u00e9e alors que vous n\u2019avez jamais eu de sinistre, alors notre offre est faite pour vous. Car nous l\u2019avons cr\u00e9\u00e9 sp\u00e9cialement pour <strong>r\u00e9compenser les bons assur\u00e9s<\/strong>.<br><br>Pour nous la d\u00e9finition d\u2019un commerce \u00e9quitable :<br><strong>vous payez seulement si vous utilisez r\u00e9ellement le service.<\/strong><\/p>\n<\/div>\n<\/div>\n\n\n\n<p class=\"has-vivid-red-color has-text-color has-link-color has-large-font-size wp-elements-bea1f235dceafee8ca6524bb89c907f2\"><strong>Pourquoi il n&rsquo;existe pas d&rsquo;assurance gratuite sur le march\u00e9 ?<\/strong><\/p>\n\n\n\n<p class=\"has-medium-font-size\">La raison est simple : une assurance ne peut pas \u00eatre gratuite, car derri\u00e8re chaque contrat il y a des co\u00fbts r\u00e9els, des obligations l\u00e9gales et un risque financier que quelqu\u2019un doit assumer. Les pots cass\u00e9s c&rsquo;est les assureurs qui les payent. Quand il y a un accident, un d\u00e9g\u00e2t des eaux, un incendie, un vol, un d\u00e9c\u00e8s\u2026<br>\u27a1\ufe0f C\u2019est bien l\u2019assureur qui sort l\u2019argent.<br>C\u2019est son r\u00f4le : porter le risque.<\/p>\n\n\n\n<p class=\"has-vivid-red-color has-text-color has-link-color has-large-font-size wp-elements-cc7ce1fb418609aef525618268dbbfb8\"><strong>Alors, comment pouvons\u2011nous offrir une assurance d&rsquo;habitation gratuite\u202f?<\/strong><\/p>\n\n\n\n<p class=\"has-medium-font-size\">Ce qu\u2019il faut comprendre, c\u2019est que nous ne sommes ni une compagnie d\u2019assurance, ni m\u00eame un courtier. Nous achetons des assurances habitation directement aupr\u00e8s des assureurs, puis nous les offrons GRATUITEMENT \u00e0 nos clients. Et cela a bien s\u00fbr un co\u00fbt.<\/p>\n\n\n\n<p class=\"has-vivid-red-color has-text-color has-link-color has-large-font-size wp-elements-24eebe2e93c319b88029c03c209b954b\"><strong>Alors, comment cela fonctionne\u2011t\u2011il pour nous, et d\u2019o\u00f9 vient l\u2019argent\u202f?<\/strong><\/p>\n\n\n\n<p class=\"has-medium-font-size\">Eh bien, c\u2019est simple : nous vendons des forfaits mobiles et de la fibre optique. Gr\u00e2ce aux revenus cumul\u00e9s de ces deux activit\u00e9s, nous pouvons nous permettre de vous offrir une assurance habitation gratuitement.<\/p>\n\n\n\n<p class=\"has-medium-font-size\"><strong>Votre fid\u00e9lit\u00e9 est r\u00e9compens\u00e9e : votre assurance habitation vous est offerte \u00e0 vie tant que vous demeurez client.<\/strong><\/p>\n\n\n\n<p class=\"has-vivid-red-color has-text-color has-link-color has-large-font-size wp-elements-71af17a20bb75d371d1343cf1d0d72f5\"><strong>Notre business model est bas\u00e9 sur la solidarit\u00e9 :<\/strong><\/p>\n\n\n\n<p class=\"has-medium-font-size\">Avec son grand c\u0153ur, l\u2019inventeur <strong>Mazri Kheir<\/strong> ne se contente pas seulement d\u2019inventer : il partage avec vous une partie de ses b\u00e9n\u00e9fices. En offrant une assurance gratuite, il apporte un v\u00e9ritable souffle d\u2019air pour aider les Fran\u00e7ais \u00e0 respirer un peu mieux. En retour, il esp\u00e8re que chacun pourra l\u2019aider \u00e0 poursuivre cette belle d\u00e9marche en souscrivant un forfait mobile et une offre fibre. Un \u00e9change sinc\u00e8re, humain, o\u00f9 chacun contribue \u00e0 faire grandir une initiative solidaire.<\/p>\n\n\n\n<h2 class=\"wp-block-heading has-text-align-center has-white-color has-vivid-red-background-color has-text-color has-background has-link-color wp-elements-4da6d83429d7517edec273d391261b5c\"><strong>Condition pour en b\u00e9n\u00e9ficier:<\/strong><\/h2>\n\n\n\n<p class=\"has-medium-font-size\">Pour \u00eatre \u00e9ligible \u00e0 l&rsquo;assurance habitation gratuite \u00e0 vie, il vous suffit de remplir deux conditions simples:<\/p>\n\n\n\n<p class=\"has-medium-font-size\"><strong>Premi\u00e8re condition:<\/strong><\/p>\n\n\n\n<p><\/p>\n\n\n\n<ul class=\"wp-block-list\">\n<li class=\"has-medium-font-size\">Avoir une assurance habitation et automobile depuis plus d\u2019un an chez le m\u00eame assureur.<\/li>\n\n\n\n<li class=\"has-medium-font-size\">Ne pas avoir d\u00e9clar\u00e9 de sinistre dans votre logement depuis plus de 3 ans et ne pas habiter dans une zone inondable.<\/li>\n\n\n\n<li class=\"has-medium-font-size\">Accepter de changer d\u2019assureur d\u00e8s lors que nous trouvons une solution plus \u00e9conomique pour vous.<\/li>\n<\/ul>\n\n\n\n<p class=\"has-medium-font-size\"><strong>Deuxi\u00e8me condition:<\/strong><\/p>\n\n\n\n<ul class=\"wp-block-list\">\n<li class=\"has-medium-font-size\">Souscrivez \u00e0 un forfait mobile et \u00e0 la fibre (internet) directement chez nous, sur les r\u00e9seaux Orange, SFR ou Bouygues.<\/li>\n<\/ul>\n\n\n\n<p class=\"has-medium-font-size\"><strong>Voici nos tarifs:<\/strong><\/p>\n\n\n\n<ul class=\"wp-block-list\">\n<li class=\"has-medium-font-size\">Forfait mobile 40 Go = 9,99\u20ac\/mois <strong>(Op\u00e9rateur didinjos t\u00e9l\u00e9com)<\/strong><\/li>\n\n\n\n<li class=\"has-medium-font-size\">Forfait mobile 200 Go = 15,99\u20ac\/mois <strong>(Op\u00e9rateur didinjos t\u00e9l\u00e9com)<\/strong><\/li>\n\n\n\n<li class=\"has-medium-font-size\">Fibre ou ADSL = 29,99\u20ac\/mois <strong>(Op\u00e9rateur de votre choix: Orange, Bouygues ou SFR)<\/strong><\/li>\n<\/ul>\n\n\n\n<h2 class=\"wp-block-heading has-text-align-center has-white-color has-vivid-red-background-color has-text-color has-background has-link-color wp-elements-8d809861dd7c91b95aaa77d591ad62ec\">Demandez votre assurance habitation gratuite  ici en suivant ces 2 \u00e9tapes:<\/h2>\n\n\n\n<p class=\"has-text-align-center has-large-font-size\"><strong>\u00c9tape n\u00b0 1: Remplissez ce formulaire<\/strong><\/p>\n\n\n<div class=\"wp-block-image\">\n<figure class=\"aligncenter is-resized\"><a href=\"https:\/\/docs.google.com\/forms\/d\/e\/1FAIpQLScolNDURZbQ4vYW-p5Dyd1D4-anFyA5wWVWHKNkVgDBnXeNrw\/viewform?usp=header\" target=\"_blank\" rel=\"noreferrer noopener\"><img decoding=\"async\" width=\"329\" height=\"153\" src=\"https:\/\/didinjos.com\/wp-content\/uploads\/2026\/03\/cliquez-ici.jpeg\" alt=\"\" class=\"wp-image-8537\" style=\"width:157px;height:auto\" srcset=\"https:\/\/didinjos.com\/wp-content\/uploads\/2026\/03\/cliquez-ici.jpeg 329w, https:\/\/didinjos.com\/wp-content\/uploads\/2026\/03\/cliquez-ici-300x140.jpeg 300w\" sizes=\"(max-width: 329px) 100vw, 329px\" \/><\/a><\/figure>\n<\/div>\n\n\n<p class=\"has-text-align-center has-large-font-size\"><strong>\u00c9tape n\u00b0 2: R\u00e9pondre \u00e0 notre e-mail<\/strong><\/p>\n\n\n<div class=\"wp-block-image\">\n<figure class=\"aligncenter is-resized\"><img decoding=\"async\" width=\"223\" height=\"226\" src=\"https:\/\/didinjos.com\/wp-content\/uploads\/2026\/04\/MAIL.jpg\" alt=\"\" class=\"wp-image-8811\" style=\"width:97px;height:auto\"\/><\/figure>\n<\/div>\n\n\n<p class=\"has-medium-font-size\">Votre dossier sera \u00e9tudi\u00e9. S\u2019il est retenu, une r\u00e9ponse positive vous sera communiqu\u00e9e par e\u2011mail dans un d\u00e9lai compris entre <strong>quinze jours et deux mois<\/strong>, accompagn\u00e9e du lien permettant de souscrire un forfait mobile ainsi qu\u2019une offre fibre.<\/p>\n\n\n\n<p class=\"has-luminous-vivid-amber-background-color has-background\"><\/p>\n\n\n\n<div class=\"wp-block-columns is-layout-flex wp-container-core-columns-is-layout-9d6595d7 wp-block-columns-is-layout-flex\">\n<div class=\"wp-block-column is-layout-flow wp-block-column-is-layout-flow\">\n<p class=\"has-text-align-center\"><a href=\"https:\/\/didinjos.com\/wp-admin\/post.php?post=8817&amp;action=edit\">Mentions l\u00e9gales<\/a><\/p>\n<\/div>\n\n\n\n<div class=\"wp-block-column is-layout-flow wp-block-column-is-layout-flow\">\n<p class=\"has-text-align-center\"><a href=\"https:\/\/didinjos.com\/index.php\/conditions-generales-de-vente\/\">Conditions g\u00e9n\u00e9rales de ventes<\/a><\/p>\n<\/div>\n\n\n\n<div class=\"wp-block-column is-layout-flow wp-block-column-is-layout-flow\">\n<p class=\"has-text-align-center\"><a href=\"https:\/\/didinjos.com\/index.php\/politique-de-confidentialite-2\/\">Politique de confidentialit\u00e9<\/a><\/p>\n<\/div>\n<\/div>\n","protected":false},"excerpt":{"rendered":"<p>Enfin l\u2019inventeur MAZRI Kheir lance une offre d&rsquo;assurance d\u2019habitation 100% gratuite \u00e0 vie. Vous l\u2019avez s\u00fbrement remarqu\u00e9 : votre assurance d\u2019habitation augmente<\/p>\n<p class=\"link-more\"><a class=\"myButt \" href=\"https:\/\/didinjos.com\/index.php\/assurance-gratuite\/\">Read More<\/a><\/p>\n","protected":false},"author":1,"featured_media":0,"parent":0,"menu_order":0,"comment_status":"closed","ping_status":"closed","template":"","meta":{"footnotes":""},"class_list":["post-8878","page","type-page","status-publish","hentry"],"_links":{"self":[{"href":"https:\/\/didinjos.com\/index.php\/wp-json\/wp\/v2\/pages\/8878","targetHints":{"allow":["GET"]}}],"collection":[{"href":"https:\/\/didinjos.com\/index.php\/wp-json\/wp\/v2\/pages"}],"about":[{"href":"https:\/\/didinjos.com\/index.php\/wp-json\/wp\/v2\/types\/page"}],"author":[{"embeddable":true,"href":"https:\/\/didinjos.com\/index.php\/wp-json\/wp\/v2\/users\/1"}],"replies":[{"embeddable":true,"href":"https:\/\/didinjos.com\/index.php\/wp-json\/wp\/v2\/comments?post=8878"}],"version-history":[{"count":15,"href":"https:\/\/didinjos.com\/index.php\/wp-json\/wp\/v2\/pages\/8878\/revisions"}],"predecessor-version":[{"id":8950,"href":"https:\/\/didinjos.com\/index.php\/wp-json\/wp\/v2\/pages\/8878\/revisions\/8950"}],"wp:attachment":[{"href":"https:\/\/didinjos.com\/index.php\/wp-json\/wp\/v2\/media?parent=8878"}],"curies":[{"name":"wp","href":"https:\/\/api.w.org\/{rel}","templated":true}]}}